{"id":18918,"date":"2024-02-06T06:33:49","date_gmt":"2024-02-06T05:33:49","guid":{"rendered":"https:\/\/dev.ihrname.be\/ophtamersch.be\/grauer-star\/"},"modified":"2024-02-09T09:09:30","modified_gmt":"2024-02-09T08:09:30","slug":"cataracte","status":"publish","type":"page","link":"https:\/\/ophtamersch.be\/fr\/cataracte\/","title":{"rendered":"Cataracte"},"content":{"rendered":"\t\t<div data-elementor-type=\"wp-page\" data-elementor-id=\"18918\" class=\"elementor elementor-18918 elementor-18878\">\n\t\t\t\t\t\t<div class=\"elementor-section elementor-top-section elementor-element elementor-element-938ac40 elementor-section-stretched elementor-section-boxed elementor-section-height-default elementor-section-height-default\" data-id=\"938ac40\" data-element_type=\"section\" data-settings=\"{&quot;stretch_section&quot;:&quot;section-stretched&quot;,&quot;background_background&quot;:&quot;classic&quot;}\">\n\t\t\t\t\t\t\t<div class=\"elementor-background-overlay\"><\/div>\n\t\t\t\t\t\t\t<div class=\"elementor-container elementor-column-gap-default\">\n\t\t\t\t\t<div class=\"elementor-column elementor-col-50 elementor-top-column elementor-element elementor-element-4d3ee66\" data-id=\"4d3ee66\" data-element_type=\"column\">\n\t\t\t<div class=\"elementor-widget-wrap elementor-element-populated\">\n\t\t\t\t\t\t<div class=\"elementor-element elementor-element-373ba2f elementor-widget elementor-widget-image\" data-id=\"373ba2f\" data-element_type=\"widget\" data-widget_type=\"image.default\">\n\t\t\t\t<div class=\"elementor-widget-container\">\n\t\t\t<style>\/*! elementor - v3.19.0 - 29-01-2024 *\/\n.elementor-widget-image{text-align:center}.elementor-widget-image a{display:inline-block}.elementor-widget-image a img[src$=\".svg\"]{width:48px}.elementor-widget-image img{vertical-align:middle;display:inline-block}<\/style>\t\t\t\t\t\t\t\t\t\t<img fetchpriority=\"high\" decoding=\"async\" width=\"1200\" height=\"800\" src=\"https:\/\/ophtamersch.be\/wp-content\/uploads\/2024\/02\/ophtamersch-grauerstar.png\" class=\"attachment-full size-full wp-image-18792\" alt=\"Ophtamersch Grauer Star\" srcset=\"https:\/\/ophtamersch.be\/wp-content\/uploads\/2024\/02\/ophtamersch-grauerstar.png 1200w, https:\/\/ophtamersch.be\/wp-content\/uploads\/2024\/02\/ophtamersch-grauerstar-300x200.png 300w, https:\/\/ophtamersch.be\/wp-content\/uploads\/2024\/02\/ophtamersch-grauerstar-1024x683.png 1024w, https:\/\/ophtamersch.be\/wp-content\/uploads\/2024\/02\/ophtamersch-grauerstar-768x512.png 768w\" sizes=\"(max-width: 1200px) 100vw, 1200px\" \/>\t\t\t\t\t\t\t\t\t\t\t\t\t<\/div>\n\t\t\t\t<\/div>\n\t\t\t\t\t<\/div>\n\t\t<\/div>\n\t\t\t\t<div class=\"elementor-column elementor-col-50 elementor-top-column elementor-element elementor-element-6ad61eb\" data-id=\"6ad61eb\" data-element_type=\"column\">\n\t\t\t<div class=\"elementor-widget-wrap elementor-element-populated\">\n\t\t\t\t\t\t<div class=\"elementor-element elementor-element-d373ada elementor-widget elementor-widget-text-editor\" data-id=\"d373ada\" data-element_type=\"widget\" data-widget_type=\"text-editor.default\">\n\t\t\t\t<div class=\"elementor-widget-container\">\n\t\t\t<style>\/*! elementor - v3.19.0 - 29-01-2024 *\/\n.elementor-widget-text-editor.elementor-drop-cap-view-stacked .elementor-drop-cap{background-color:#69727d;color:#fff}.elementor-widget-text-editor.elementor-drop-cap-view-framed .elementor-drop-cap{color:#69727d;border:3px solid;background-color:transparent}.elementor-widget-text-editor:not(.elementor-drop-cap-view-default) .elementor-drop-cap{margin-top:8px}.elementor-widget-text-editor:not(.elementor-drop-cap-view-default) .elementor-drop-cap-letter{width:1em;height:1em}.elementor-widget-text-editor .elementor-drop-cap{float:left;text-align:center;line-height:1;font-size:50px}.elementor-widget-text-editor .elementor-drop-cap-letter{display:inline-block}<\/style>\t\t\t\tLa cataracte est une maladie du cristallin qui devient progressivement de plus en plus opaque. Cette opacification progressive du cristallin est, g\u00e9n\u00e9ralement, li\u00e9e au processus de vieillissement naturel de l\u2019oeil et rend la vision de plus en plus floue, comme si le patient regardait \u00e0 travers du brouillard.\n\nCertains patients ressentent, au moins au stade d\u00e9butant, seulement une l\u00e9g\u00e8re diminution de l\u2019acuit\u00e9 visuelle, tandis que d\u2019autres perdent la vue assez rapidement.\n\nLe seul traitement efficace est une intervention chirurgicale: Le chirurgien enl\u00e8ve le cristallin opaque et le remplace par une nouvelle lentille artificielle.\n\nParmi ces lentilles (intra-oculaires), on distingue entre deux grands types:\n<ul>\n \t<li>La variante \u00ab\u00a0classique\u00a0\u00bb, qui corrige soit la vision de loin soit la vision de pr\u00e8s. Dans ce cas, le patient aura toujours besoin de lunettes.<\/li>\n \t<li>La lentille \u00ab\u00a0premium\u00a0\u00bb, qui corrige toutes les distances de la vision, permettant une vue sans lunettes. Ces lentilles ne sont, malheureusement, pas rembours\u00e9es par les mutuelles en Belgique, \u00e0 part dans le cas de certaines assurances suppl\u00e9mentaires.<\/li>\n<\/ul>\nLe choix de la lentille se fait ensemble avec l\u2019ophtalmologue.\n\n<strong>L&rsquo;intervention de la cataracte se fait \u00e0 Eupen et \u00e0 Saint-Vith en h\u00f4pital de jour<\/strong>\u00a0de fa\u00e7on ambulatoire. L\u2019anesth\u00e9sie peut \u00eatre g\u00e9n\u00e9rale ou locale. Uniquement dans des cas exceptionnels le patient doit\/peut \u00eatre hospitalis\u00e9.\t\t\t\t\t\t<\/div>\n\t\t\t\t<\/div>\n\t\t\t\t\t<\/div>\n\t\t<\/div>\n\t\t\t\t\t<\/div>\n\t\t<\/div>\n\t\t\t\t<\/div>\n\t\t","protected":false},"excerpt":{"rendered":"<p>La cataracte est une maladie du cristallin qui devient progressivement de plus en plus opaque. Cette opacification progressive du cristallin est, g\u00e9n\u00e9ralement, li\u00e9e au processus de vieillissement naturel de l\u2019oeil et rend la vision de plus en plus floue, comme si le patient regardait \u00e0 travers du brouillard. Certains patients ressentent, au moins au stade [&hellip;]<\/p>\n","protected":false},"author":1,"featured_media":0,"parent":0,"menu_order":0,"comment_status":"closed","ping_status":"closed","template":"","meta":{"footnotes":""},"acf":[],"_links":{"self":[{"href":"https:\/\/ophtamersch.be\/fr\/wp-json\/wp\/v2\/pages\/18918"}],"collection":[{"href":"https:\/\/ophtamersch.be\/fr\/wp-json\/wp\/v2\/pages"}],"about":[{"href":"https:\/\/ophtamersch.be\/fr\/wp-json\/wp\/v2\/types\/page"}],"author":[{"embeddable":true,"href":"https:\/\/ophtamersch.be\/fr\/wp-json\/wp\/v2\/users\/1"}],"replies":[{"embeddable":true,"href":"https:\/\/ophtamersch.be\/fr\/wp-json\/wp\/v2\/comments?post=18918"}],"version-history":[{"count":7,"href":"https:\/\/ophtamersch.be\/fr\/wp-json\/wp\/v2\/pages\/18918\/revisions"}],"predecessor-version":[{"id":19054,"href":"https:\/\/ophtamersch.be\/fr\/wp-json\/wp\/v2\/pages\/18918\/revisions\/19054"}],"wp:attachment":[{"href":"https:\/\/ophtamersch.be\/fr\/wp-json\/wp\/v2\/media?parent=18918"}],"curies":[{"name":"wp","href":"https:\/\/api.w.org\/{rel}","templated":true}]}}